{"id":48,"date":"2020-08-14T23:15:01","date_gmt":"2020-08-15T03:15:01","guid":{"rendered":"http:\/\/hidrogenoautomotriz.cl\/wordpress\/?page_id=48"},"modified":"2026-03-05T14:53:21","modified_gmt":"2026-03-05T18:53:21","slug":"cotice-aqui","status":"publish","type":"page","link":"https:\/\/hidrogenoautomotriz.cl\/wordpress\/index.php\/cotice-aqui\/","title":{"rendered":"Cotice AQU\u00cd"},"content":{"rendered":"\n<p class=\"has-text-align-center\">Complete el siguiente formulario para obtener su cotizaci\u00f3n, le responderemos a la brevedad:<\/p>\n\n\n\n<div class=\"wpcf7 no-js\" id=\"wpcf7-f81-o1\" lang=\"es-CL\" dir=\"ltr\" data-wpcf7-id=\"81\">\n<div class=\"screen-reader-response\"><p role=\"status\" aria-live=\"polite\" aria-atomic=\"true\"><\/p> <ul><\/ul><\/div>\n<form action=\"\/wordpress\/index.php\/wp-json\/wp\/v2\/pages\/48#wpcf7-f81-o1\" method=\"post\" class=\"wpcf7-form init\" aria-label=\"Formulario de contacto\" novalidate=\"novalidate\" data-status=\"init\">\n<fieldset class=\"hidden-fields-container\"><input type=\"hidden\" name=\"_wpcf7\" value=\"81\" \/><input type=\"hidden\" name=\"_wpcf7_version\" value=\"6.1.4\" \/><input type=\"hidden\" name=\"_wpcf7_locale\" value=\"es_CL\" \/><input type=\"hidden\" name=\"_wpcf7_unit_tag\" value=\"wpcf7-f81-o1\" \/><input type=\"hidden\" name=\"_wpcf7_container_post\" value=\"0\" \/><input type=\"hidden\" name=\"_wpcf7_posted_data_hash\" value=\"\" \/>\n<\/fieldset>\n<p><label> Nombre (requerido)<br \/>\n<span class=\"wpcf7-form-control-wrap\" data-name=\"your-name\"><input size=\"40\" maxlength=\"400\" class=\"wpcf7-form-control wpcf7-text wpcf7-validates-as-required\" aria-required=\"true\" aria-invalid=\"false\" value=\"\" type=\"text\" name=\"your-name\" \/><\/span> <\/label>\n<\/p>\n<p><label> Correo (requerido)<br \/>\n<span class=\"wpcf7-form-control-wrap\" data-name=\"your-email\"><input size=\"40\" maxlength=\"400\" class=\"wpcf7-form-control wpcf7-email wpcf7-validates-as-required wpcf7-text wpcf7-validates-as-email\" aria-required=\"true\" aria-invalid=\"false\" value=\"\" type=\"email\" name=\"your-email\" \/><\/span> <\/label>\n<\/p>\n<p><label> Modelo del Veh\u00edculo y Cilindrada<br \/>\n<span class=\"wpcf7-form-control-wrap\" data-name=\"your-subject\"><input size=\"40\" maxlength=\"400\" class=\"wpcf7-form-control wpcf7-text\" aria-invalid=\"false\" value=\"\" type=\"text\" name=\"your-subject\" \/><\/span> <\/label>\n<\/p>\n<p><label> Tu Mensaje<br \/>\n<span class=\"wpcf7-form-control-wrap\" data-name=\"your-message\"><textarea cols=\"40\" rows=\"10\" maxlength=\"2000\" class=\"wpcf7-form-control wpcf7-textarea\" aria-invalid=\"false\" name=\"your-message\"><\/textarea><\/span><br \/>\n<input type=\"hidden\" name=\"_wpcf7_captcha_challenge_captcha-1\" value=\"3199597303\" \/><img loading=\"lazy\" decoding=\"async\" class=\"wpcf7-form-control wpcf7-captchac wpcf7-captcha-captcha-1\" width=\"72\" height=\"24\" alt=\"captcha\" src=\"https:\/\/hidrogenoautomotriz.cl\/wordpress\/wp-content\/uploads\/wpcf7_captcha\/3199597303.png\" \/> <span class=\"wpcf7-form-control-wrap\" data-name=\"captcha-1\"><input size=\"40\" class=\"wpcf7-form-control wpcf7-captchar\" autocomplete=\"off\" aria-invalid=\"false\" value=\"\" type=\"text\" name=\"captcha-1\" \/><\/span><br \/>\n<input class=\"wpcf7-form-control wpcf7-submit has-spinner\" type=\"submit\" value=\"Enviar\" \/><\/label>\n<\/p><div class=\"wpcf7-response-output\" aria-hidden=\"true\"><\/div>\n<\/form>\n<\/div>\n\n\n\n\n<p class=\"has-text-align-center\">Si no ha recibido su cotizaci\u00f3n favor confirmar en su bandeja de SPAM.<\/p>\n\n\n\n<p>Nuestro horario de atenci\u00f3n es de Lunes a Viernes de <strong>8.30 a 17.45<\/strong> Hrs.<\/p>\n\n\n\n<p class=\"has-text-align-center\">VENTAS: +569 3568 0405<\/p>\n\n\n\n<p class=\"has-text-align-center\">EMAIL :&nbsp;<a href=\"mailto:ventas@hidrogenoautomotriz.cl\">ventas@hidrogenoautomotriz.cl<\/a><\/p>\n\n\n<div class=\"wp-block-image\">\n<figure class=\"aligncenter size-full is-resized\"><a href=\"https:\/\/wa.me\/qr\/2AURXQ2ZAUJFE1\"><img loading=\"lazy\" decoding=\"async\" width=\"640\" height=\"640\" src=\"https:\/\/hidrogenoautomotriz.cl\/wordpress\/wp-content\/uploads\/2025\/12\/xCCzZogf9Q-1.gif\" alt=\"\" class=\"wp-image-96\" style=\"width:117px;height:auto\"\/><\/a><figcaption class=\"wp-element-caption\">Chatea con nosotros!<\/figcaption><\/figure>\n<\/div>","protected":false},"excerpt":{"rendered":"<p>Complete el siguiente formulario para obtener su cotizaci\u00f3n, le responderemos a la brevedad: Si no ha recibido su cotizaci\u00f3n favor confirmar en su bandeja de SPAM. Nuestro horario de atenci\u00f3n es de Lunes a Viernes de 8.30 a 17.45 Hrs. VENTAS: +569 3568 0405 EMAIL :&nbsp;ventas@hidrogenoautomotriz.cl<\/p>\n","protected":false},"author":2,"featured_media":0,"parent":0,"menu_order":2,"comment_status":"closed","ping_status":"closed","template":"","meta":{"footnotes":""},"class_list":["post-48","page","type-page","status-publish","hentry"],"jetpack_sharing_enabled":true,"_links":{"self":[{"href":"https:\/\/hidrogenoautomotriz.cl\/wordpress\/index.php\/wp-json\/wp\/v2\/pages\/48","targetHints":{"allow":["GET"]}}],"collection":[{"href":"https:\/\/hidrogenoautomotriz.cl\/wordpress\/index.php\/wp-json\/wp\/v2\/pages"}],"about":[{"href":"https:\/\/hidrogenoautomotriz.cl\/wordpress\/index.php\/wp-json\/wp\/v2\/types\/page"}],"author":[{"embeddable":true,"href":"https:\/\/hidrogenoautomotriz.cl\/wordpress\/index.php\/wp-json\/wp\/v2\/users\/2"}],"replies":[{"embeddable":true,"href":"https:\/\/hidrogenoautomotriz.cl\/wordpress\/index.php\/wp-json\/wp\/v2\/comments?post=48"}],"version-history":[{"count":12,"href":"https:\/\/hidrogenoautomotriz.cl\/wordpress\/index.php\/wp-json\/wp\/v2\/pages\/48\/revisions"}],"predecessor-version":[{"id":318,"href":"https:\/\/hidrogenoautomotriz.cl\/wordpress\/index.php\/wp-json\/wp\/v2\/pages\/48\/revisions\/318"}],"wp:attachment":[{"href":"https:\/\/hidrogenoautomotriz.cl\/wordpress\/index.php\/wp-json\/wp\/v2\/media?parent=48"}],"curies":[{"name":"wp","href":"https:\/\/api.w.org\/{rel}","templated":true}]}}