{"id":213,"date":"2025-12-10T22:16:21","date_gmt":"2025-12-11T02:16:21","guid":{"rendered":"https:\/\/hidrogenoautomotriz.cl\/wordpress\/?page_id=213"},"modified":"2025-12-11T11:03:51","modified_gmt":"2025-12-11T15:03:51","slug":"home","status":"publish","type":"page","link":"https:\/\/hidrogenoautomotriz.cl\/wordpress\/","title":{"rendered":"Home"},"content":{"rendered":"\n<p class=\"has-text-align-center\"><strong>En Hidr\u00f3geno Automotriz, impulsamos un futuro m\u00e1s limpio.<\/strong> Nuestras celdas de hidr\u00f3geno utilizan el agua como fuente para generar HHO, un poderoso gas que optimiza la combusti\u00f3n de su motor. \u00bfEl resultado? Una reducci\u00f3n significativa de hasta un <strong>80% de las emisiones contaminantes (CO2\u200b, NOx\u200b)<\/strong> y un ahorro de combustible que beneficia a su bolsillo y al planeta. Convierta su veh\u00edculo en un aliado ecol\u00f3gico hoy mismo.<\/p>\n\n\n<div class=\"wp-block-image\">\n<figure class=\"aligncenter size-full\"><img loading=\"lazy\" decoding=\"async\" width=\"327\" height=\"213\" src=\"https:\/\/hidrogenoautomotriz.cl\/wordpress\/wp-content\/uploads\/2025\/12\/images.jpg\" alt=\"\" class=\"wp-image-225\" srcset=\"https:\/\/hidrogenoautomotriz.cl\/wordpress\/wp-content\/uploads\/2025\/12\/images.jpg 327w, https:\/\/hidrogenoautomotriz.cl\/wordpress\/wp-content\/uploads\/2025\/12\/images-300x195.jpg 300w\" sizes=\"auto, (max-width: 327px) 100vw, 327px\" \/><figcaption class=\"wp-element-caption\">&#8220;La \u00danica Emisi\u00f3n es Vapor de Agua.&#8221;<\/figcaption><\/figure>\n<\/div>\n\n\n<h2 class=\"wp-block-heading has-text-align-center\"><strong>Ahorro Ecol\u00f3gico<\/strong>:<\/h2>\n\n\n\n<ul class=\"wp-block-list\">\n<li><strong>Menos Dependencia de F\u00f3siles:<\/strong> Si un cliente ahorra, por ejemplo, un 20% de combustible (gasolina o di\u00e9sel), esto se traduce directamente en una <strong>reducci\u00f3n del 20% de su huella de carbono<\/strong> (CO2).<\/li>\n\n\n\n<li>Su Ahorro es la Contribuci\u00f3n del Planeta. <\/li>\n\n\n\n<li>Cada litro de combustible que no consume es un kilo de $CO_2$ que no se emite a la atm\u00f3sfera.&#8221;<\/li>\n<\/ul>\n\n\n\n<h2 class=\"wp-block-heading has-text-align-center\">Sostenibilidad del Producto<\/h2>\n\n\n\n<ul class=\"wp-block-list\">\n<li><strong>Durabilidad:<\/strong> Nuestras celdas est\u00e1n fabricadas para durar muchos a\u00f1os (por ejemplo, con acero inoxidable de alta calidad), minimizando la obsolescencia y los residuos electr\u00f3nicos.<\/li>\n\n\n\n<li><strong>Materiales No T\u00f3xicos:<\/strong> En el proceso de electr\u00f3lisis no utilizamos productos qu\u00edmicos peligrosos (solo agua destilada y un electrolito nocivo).<\/li>\n<\/ul>\n\n\n\n<div class=\"wp-block-jetpack-tiled-gallery aligncenter is-style-rectangular\"><div class=\"\"><div class=\"tiled-gallery__gallery\"><div class=\"tiled-gallery__row\"><div class=\"tiled-gallery__col\" style=\"flex-basis:53.82654%\"><figure class=\"tiled-gallery__item filter__gingham\"><img decoding=\"async\" srcset=\"https:\/\/i0.wp.com\/hidrogenoautomotriz.cl\/wordpress\/wp-content\/uploads\/2025\/12\/4elda3-1024x989.jpg?strip=info&#038;w=600&#038;ssl=1 600w,https:\/\/i0.wp.com\/hidrogenoautomotriz.cl\/wordpress\/wp-content\/uploads\/2025\/12\/4elda3-1024x989.jpg?strip=info&#038;w=900&#038;ssl=1 900w,https:\/\/i0.wp.com\/hidrogenoautomotriz.cl\/wordpress\/wp-content\/uploads\/2025\/12\/4elda3-1024x989.jpg?strip=info&#038;w=1200&#038;ssl=1 1200w,https:\/\/i0.wp.com\/hidrogenoautomotriz.cl\/wordpress\/wp-content\/uploads\/2025\/12\/4elda3-1024x989.jpg?strip=info&#038;w=1216&#038;ssl=1 1216w\" alt=\"\" data-height=\"1174\" data-id=\"234\" data-link=\"https:\/\/hidrogenoautomotriz.cl\/wordpress\/index.php\/home\/4elda3\/\" data-url=\"https:\/\/hidrogenoautomotriz.cl\/wordpress\/wp-content\/uploads\/2025\/12\/4elda3-1024x989.jpg\" data-width=\"1216\" src=\"https:\/\/i0.wp.com\/hidrogenoautomotriz.cl\/wordpress\/wp-content\/uploads\/2025\/12\/4elda3-1024x989.jpg?ssl=1\" data-amp-layout=\"responsive\"\/><\/figure><\/div><div class=\"tiled-gallery__col\" style=\"flex-basis:46.17346%\"><figure class=\"tiled-gallery__item filter__gingham\"><img decoding=\"async\" srcset=\"https:\/\/i0.wp.com\/hidrogenoautomotriz.cl\/wordpress\/wp-content\/uploads\/2025\/12\/celda3-1.jpg?strip=info&#038;w=600&#038;ssl=1 600w,https:\/\/i0.wp.com\/hidrogenoautomotriz.cl\/wordpress\/wp-content\/uploads\/2025\/12\/celda3-1.jpg?strip=info&#038;w=856&#038;ssl=1 856w\" alt=\"\" data-height=\"964\" data-id=\"235\" data-link=\"https:\/\/hidrogenoautomotriz.cl\/wordpress\/index.php\/home\/celda3-2\/\" data-url=\"https:\/\/hidrogenoautomotriz.cl\/wordpress\/wp-content\/uploads\/2025\/12\/celda3-1.jpg\" data-width=\"856\" src=\"https:\/\/i0.wp.com\/hidrogenoautomotriz.cl\/wordpress\/wp-content\/uploads\/2025\/12\/celda3-1.jpg?ssl=1\" data-amp-layout=\"responsive\"\/><\/figure><\/div><\/div><\/div><\/div><\/div>\n","protected":false},"excerpt":{"rendered":"<p>En Hidr\u00f3geno Automotriz, impulsamos un futuro m\u00e1s limpio. Nuestras celdas de hidr\u00f3geno utilizan el agua como fuente para generar HHO, un poderoso gas que optimiza la combusti\u00f3n de su motor. \u00bfEl resultado? Una reducci\u00f3n significativa de hasta un 80% de las emisiones contaminantes (CO2\u200b, NOx\u200b) y un ahorro de combustible que beneficia a su bolsillo &hellip; <a href=\"https:\/\/hidrogenoautomotriz.cl\/wordpress\/\" class=\"more-link\">Contin\u00fae leyendo <span class=\"screen-reader-text\">Home<\/span> <span class=\"meta-nav\">&rarr;<\/span><\/a><\/p>\n","protected":false},"author":2,"featured_media":0,"parent":0,"menu_order":0,"comment_status":"closed","ping_status":"closed","template":"","meta":{"footnotes":""},"class_list":["post-213","page","type-page","status-publish","hentry"],"jetpack_sharing_enabled":true,"_links":{"self":[{"href":"https:\/\/hidrogenoautomotriz.cl\/wordpress\/index.php\/wp-json\/wp\/v2\/pages\/213","targetHints":{"allow":["GET"]}}],"collection":[{"href":"https:\/\/hidrogenoautomotriz.cl\/wordpress\/index.php\/wp-json\/wp\/v2\/pages"}],"about":[{"href":"https:\/\/hidrogenoautomotriz.cl\/wordpress\/index.php\/wp-json\/wp\/v2\/types\/page"}],"author":[{"embeddable":true,"href":"https:\/\/hidrogenoautomotriz.cl\/wordpress\/index.php\/wp-json\/wp\/v2\/users\/2"}],"replies":[{"embeddable":true,"href":"https:\/\/hidrogenoautomotriz.cl\/wordpress\/index.php\/wp-json\/wp\/v2\/comments?post=213"}],"version-history":[{"count":9,"href":"https:\/\/hidrogenoautomotriz.cl\/wordpress\/index.php\/wp-json\/wp\/v2\/pages\/213\/revisions"}],"predecessor-version":[{"id":236,"href":"https:\/\/hidrogenoautomotriz.cl\/wordpress\/index.php\/wp-json\/wp\/v2\/pages\/213\/revisions\/236"}],"wp:attachment":[{"href":"https:\/\/hidrogenoautomotriz.cl\/wordpress\/index.php\/wp-json\/wp\/v2\/media?parent=213"}],"curies":[{"name":"wp","href":"https:\/\/api.w.org\/{rel}","templated":true}]}}