{"id":2,"date":"2020-08-14T23:18:08","date_gmt":"2020-08-14T23:18:08","guid":{"rendered":"http:\/\/hidrogenoautomotriz.cl\/wordpress\/?page_id=2"},"modified":"2026-01-26T09:40:06","modified_gmt":"2026-01-26T13:40:06","slug":"about-us","status":"publish","type":"page","link":"https:\/\/hidrogenoautomotriz.cl\/wordpress\/index.php\/about-us\/","title":{"rendered":"\u00bfQuienes somos?"},"content":{"rendered":"\n<p class=\"has-text-align-center\">Hidr\u00f3geno Automotriz es una compa\u00f1\u00eda familiar y pionera en Chile que ofrece servicios de fabricaci\u00f3n, instalaci\u00f3n y mantenimiento de equipos generadores de Hidr\u00f3geno Vehicular (auxiliar de combustible).<\/p>\n\n\n\n<p class=\"has-text-align-center\">Nuestros servicios contribuyen al ahorro de nuestros clientes y al mejoramiento de sus motores vehiculares adem\u00e1s de generar un aire m\u00e1s limpio protegiendo al medio ambiente.&nbsp;<\/p>\n\n\n\n<p class=\"has-text-align-center\">Contribuya a un Aire m\u00e1s Limpio con Nuestros Kits HHO.<\/p>\n\n\n\n<figure class=\"wp-block-gallery has-nested-images columns-default is-cropped wp-block-gallery-1 is-layout-flex wp-block-gallery-is-layout-flex\">\n<figure class=\"wp-block-image size-large\"><img loading=\"lazy\" decoding=\"async\" width=\"768\" height=\"1024\" data-id=\"271\" src=\"https:\/\/hidrogenoautomotriz.cl\/wordpress\/wp-content\/uploads\/2026\/01\/IMG-20260124-WA0037-768x1024.jpg\" alt=\"\" class=\"wp-image-271\" srcset=\"https:\/\/hidrogenoautomotriz.cl\/wordpress\/wp-content\/uploads\/2026\/01\/IMG-20260124-WA0037-768x1024.jpg 768w, https:\/\/hidrogenoautomotriz.cl\/wordpress\/wp-content\/uploads\/2026\/01\/IMG-20260124-WA0037-225x300.jpg 225w, https:\/\/hidrogenoautomotriz.cl\/wordpress\/wp-content\/uploads\/2026\/01\/IMG-20260124-WA0037-1152x1536.jpg 1152w, https:\/\/hidrogenoautomotriz.cl\/wordpress\/wp-content\/uploads\/2026\/01\/IMG-20260124-WA0037-300x400.jpg 300w, https:\/\/hidrogenoautomotriz.cl\/wordpress\/wp-content\/uploads\/2026\/01\/IMG-20260124-WA0037.jpg 1200w\" sizes=\"auto, (max-width: 768px) 100vw, 768px\" \/><\/figure>\n\n\n\n<figure class=\"wp-block-image size-large\"><img loading=\"lazy\" decoding=\"async\" width=\"712\" height=\"945\" data-id=\"270\" src=\"https:\/\/hidrogenoautomotriz.cl\/wordpress\/wp-content\/uploads\/2026\/01\/IMG_20260124_131650.jpg\" alt=\"\" class=\"wp-image-270\" srcset=\"https:\/\/hidrogenoautomotriz.cl\/wordpress\/wp-content\/uploads\/2026\/01\/IMG_20260124_131650.jpg 712w, https:\/\/hidrogenoautomotriz.cl\/wordpress\/wp-content\/uploads\/2026\/01\/IMG_20260124_131650-226x300.jpg 226w, https:\/\/hidrogenoautomotriz.cl\/wordpress\/wp-content\/uploads\/2026\/01\/IMG_20260124_131650-300x398.jpg 300w\" sizes=\"auto, (max-width: 712px) 100vw, 712px\" \/><\/figure>\n<\/figure>\n\n\n\n<h3 class=\"wp-block-heading has-text-align-center\">Misi\u00f3n<\/h3>\n\n\n\n<p class=\"has-text-align-center\" id=\"_rb1BMs7K\">Ayudar al medio ambiente y proporcionar el ahorro de nuestros clientes utilizando un aditivo que disminuye las emisiones contaminantes y mejora la combusti\u00f3n interna dando mayor potencia y menor consumo al motor de su veh\u00edculo.<\/p>\n\n\n\n<p class=\"has-text-align-center\">\u00a1\u00danase a la Revoluci\u00f3n Verde del HHO!<\/p>\n\n\n\n<h3 class=\"wp-block-heading has-text-align-center\" id=\"_73dmbSdy\">Visi\u00f3n<\/h3>\n\n\n\n<p class=\"has-text-align-center\" id=\"_7d0rYTRK\">Ser el mejor fabricante de generadores de hidr\u00f3geno a lo largo del territorio nacional como en Am\u00e9rica Latina, entregando productos de calidad, duraderos y amigables con el medio ambiente.<\/p>\n\n\n<div class=\"wp-block-image\">\n<figure class=\"aligncenter size-large is-resized\"><img loading=\"lazy\" decoding=\"async\" width=\"1024\" height=\"683\" src=\"https:\/\/hidrogenoautomotriz.cl\/wordpress\/wp-content\/uploads\/2025\/12\/hhoteam2025-1024x683.jpeg\" alt=\"\" class=\"wp-image-180\" style=\"aspect-ratio:1.4992796742875039;width:492px;height:auto\" srcset=\"https:\/\/hidrogenoautomotriz.cl\/wordpress\/wp-content\/uploads\/2025\/12\/hhoteam2025-1024x683.jpeg 1024w, https:\/\/hidrogenoautomotriz.cl\/wordpress\/wp-content\/uploads\/2025\/12\/hhoteam2025-300x200.jpeg 300w, https:\/\/hidrogenoautomotriz.cl\/wordpress\/wp-content\/uploads\/2025\/12\/hhoteam2025-768x512.jpeg 768w, https:\/\/hidrogenoautomotriz.cl\/wordpress\/wp-content\/uploads\/2025\/12\/hhoteam2025-1320x880.jpeg 1320w, https:\/\/hidrogenoautomotriz.cl\/wordpress\/wp-content\/uploads\/2025\/12\/hhoteam2025.jpeg 1536w\" sizes=\"auto, (max-width: 1024px) 100vw, 1024px\" \/><figcaption class=\"wp-element-caption\">Equipo HidrogenoAutomotriz, enero 2018.<\/figcaption><\/figure>\n<\/div>\n\n\n<p><\/p>\n","protected":false},"excerpt":{"rendered":"<p>Hidr\u00f3geno Automotriz es una compa\u00f1\u00eda familiar y pionera en Chile que ofrece servicios de fabricaci\u00f3n, instalaci\u00f3n y mantenimiento de equipos generadores de Hidr\u00f3geno Vehicular (auxiliar de combustible). Nuestros servicios contribuyen al ahorro de nuestros clientes y al mejoramiento de sus motores vehiculares adem\u00e1s de generar un aire m\u00e1s limpio protegiendo al medio ambiente.&nbsp; Contribuya a &hellip; <a href=\"https:\/\/hidrogenoautomotriz.cl\/wordpress\/index.php\/about-us\/\" class=\"more-link\">Contin\u00fae leyendo <span class=\"screen-reader-text\">\u00bfQuienes somos?<\/span> <span class=\"meta-nav\">&rarr;<\/span><\/a><\/p>\n","protected":false},"author":2,"featured_media":0,"parent":0,"menu_order":0,"comment_status":"closed","ping_status":"open","template":"","meta":{"footnotes":""},"class_list":["post-2","page","type-page","status-publish","hentry"],"jetpack_sharing_enabled":true,"_links":{"self":[{"href":"https:\/\/hidrogenoautomotriz.cl\/wordpress\/index.php\/wp-json\/wp\/v2\/pages\/2","targetHints":{"allow":["GET"]}}],"collection":[{"href":"https:\/\/hidrogenoautomotriz.cl\/wordpress\/index.php\/wp-json\/wp\/v2\/pages"}],"about":[{"href":"https:\/\/hidrogenoautomotriz.cl\/wordpress\/index.php\/wp-json\/wp\/v2\/types\/page"}],"author":[{"embeddable":true,"href":"https:\/\/hidrogenoautomotriz.cl\/wordpress\/index.php\/wp-json\/wp\/v2\/users\/2"}],"replies":[{"embeddable":true,"href":"https:\/\/hidrogenoautomotriz.cl\/wordpress\/index.php\/wp-json\/wp\/v2\/comments?post=2"}],"version-history":[{"count":9,"href":"https:\/\/hidrogenoautomotriz.cl\/wordpress\/index.php\/wp-json\/wp\/v2\/pages\/2\/revisions"}],"predecessor-version":[{"id":272,"href":"https:\/\/hidrogenoautomotriz.cl\/wordpress\/index.php\/wp-json\/wp\/v2\/pages\/2\/revisions\/272"}],"wp:attachment":[{"href":"https:\/\/hidrogenoautomotriz.cl\/wordpress\/index.php\/wp-json\/wp\/v2\/media?parent=2"}],"curies":[{"name":"wp","href":"https:\/\/api.w.org\/{rel}","templated":true}]}}